{"id":818,"date":"2025-04-08T03:03:34","date_gmt":"2025-04-08T01:03:34","guid":{"rendered":"https:\/\/cableen.com\/?page_id=818"},"modified":"2025-04-08T03:03:44","modified_gmt":"2025-04-08T01:03:44","slug":"politica-de-devolucion","status":"publish","type":"page","link":"https:\/\/cableen.com\/en\/politica-de-devolucion\/","title":{"rendered":"RETURN POLICY"},"content":{"rendered":"<div data-elementor-type=\"wp-page\" data-elementor-id=\"818\" class=\"elementor elementor-818\" data-elementor-post-type=\"page\">\n\t\t\t\t\t\t<section class=\"elementor-section elementor-top-section elementor-element elementor-element-5c4289f elementor-section-boxed elementor-section-height-default elementor-section-height-default\" data-id=\"5c4289f\" data-element_type=\"section\" data-e-type=\"section\">\n\t\t\t\t\t\t<div class=\"elementor-container elementor-column-gap-default\">\n\t\t\t\t\t<div class=\"elementor-column elementor-col-100 elementor-top-column elementor-element elementor-element-d58ac8b\" data-id=\"d58ac8b\" data-element_type=\"column\" data-e-type=\"column\">\n\t\t\t<div class=\"elementor-widget-wrap elementor-element-populated\">\n\t\t\t\t\t\t<div class=\"elementor-element elementor-element-a0866e5 elementor-widget elementor-widget-heading\" data-id=\"a0866e5\" data-element_type=\"widget\" data-e-type=\"widget\" data-widget_type=\"heading.default\">\n\t\t\t\t<div class=\"elementor-widget-container\">\n\t\t\t\t\t<h2 class=\"elementor-heading-title elementor-size-default\">Return Policy\n<\/h2>\t\t\t\t<\/div>\n\t\t\t\t<\/div>\n\t\t\t\t<div class=\"elementor-element elementor-element-cdb0ad7 elementor-widget elementor-widget-text-editor\" data-id=\"cdb0ad7\" data-element_type=\"widget\" data-e-type=\"widget\" data-widget_type=\"text-editor.default\">\n\t\t\t\t<div class=\"elementor-widget-container\">\n\t\t\t\t\t\t\t\t\t<p class=\"p1\">The legal entity named <b>CABLEEN S.A. DE C.V. <\/b>dedicated to the development, production and marketing of audio cable establishes the following return policy for all products sold to our customers.<\/p><p class=\"p2\"><b>Deadline for returns<\/b><br \/>Returns are accepted within <b>15 calendar days<\/b> after the date of purchase, as long as the <b>original proof of purchase<\/b>.<\/p><p class=\"p2\"><b>Conditions for accepting returns<\/b><\/p><ul class=\"ul1\"><li class=\"li2\">The product must be in <b>perfect conditions<\/b>without signs of use or installation.<\/li><li class=\"li2\">The original packaging and all included accessories must be complete and in good condition.<\/li><li class=\"li2\">Product returns will not be accepted <b>cut to size<\/b>, <b>custom<\/b> o <b>with damage due to misuse or improper installation<\/b>.<\/li><\/ul><p class=\"p2\"><b>Return process<\/b><br \/>To initiate a return, please send an email to <b>cableen_mexico@outlook.com<\/b> indicating the following information:<\/p><ul class=\"ul1\"><li class=\"li2\">Proof of purchase number<\/li><li class=\"li2\">Date of purchase<\/li><li class=\"li2\">Product purchased<\/li><li class=\"li2\">Reason for return<\/li><li class=\"li2\">Photographs of the product and its packaging<\/li><\/ul><p class=\"p2\">The period to define the acceptance or rejection of the return will be within a period not exceeding 24 hours after receipt of the information. The response of acceptance or rejection of the return will be sent to the same email from which the information was received.<\/p><p class=\"p2\"><b>Options when approving a return<\/b><br \/>Once the process is approved, you will be able to choose between:<\/p><ul class=\"ul1\"><li class=\"li2\"><b>Product replacement. <\/b>Within 5 days after acceptance of the return.<\/li><li class=\"li2\"><b>Credit note for future purchases.<\/b> It is processed within 72 hours after approval of the return.<\/li><li class=\"li2\"><b>Reimbursement.<\/b> It is processed within a maximum of 72 hours after approval of the return and will be made by the same payment method used in the purchase.<\/li><\/ul><p class=\"p2\">In either case a notification will be sent to the customer confirming that the process has been attended.<\/p><p class=\"p2\"><b>Shipping costs<\/b><\/p><ul class=\"ul1\"><li class=\"li2\">If the return is due to Cableen S.A. de C.V.'s error (incorrect, defective product, etc.), Cableen S.A. de C.V. will be responsible for the shipping costs.<\/li><li class=\"li2\">In any other case, the customer shall bear the cost of the return shipment.<\/li><\/ul><p class=\"p3\"><b>Special considerations<\/b><\/p><p class=\"p2\">For refund requests after the refund period established in the preceding paragraphs Cableen S.A. de C.V. has a maximum period of <b>3-year warranty<\/b> from the <b>date of purchase and with original receipt<\/b> in all its parts, workmanship and manufacturing defects. Damages caused by improper use, incorrect installation, product modification, negligence, or natural wear and tear derived from daily use (such as deformation, oxidation, insulation wear, etc.) are excluded from this warranty period. These cases will be evaluated on a case-by-case basis and, if not considered a manufacturing defect, the return process will not apply.<\/p><p class=\"p2\">Response times and communication channels in this type of special process will vary and will depend on the specific case to be reviewed.<\/p>\t\t\t\t\t\t\t\t<\/div>\n\t\t\t\t<\/div>\n\t\t\t\t\t<\/div>\n\t\t<\/div>\n\t\t\t\t\t<\/div>\n\t\t<\/section>\n\t\t\t\t<\/div>","protected":false},"excerpt":{"rendered":"<p>Politica de Devolucion La persona moral denominada CABLEEN S.A. DE C.V. dedicada a la elaboraci\u00f3n, producci\u00f3n y comercializaci\u00f3n de cable de audio establece la siguiente pol\u00edtica de devoluci\u00f3n para todos los productos vendidos a nuestros clientes. Plazo para devolucionesLas devoluciones se aceptan dentro de los 15 d\u00edas naturales posteriores a la fecha de compra, siempre [&hellip;]<\/p>","protected":false},"author":1,"featured_media":0,"parent":0,"menu_order":0,"comment_status":"closed","ping_status":"closed","template":"elementor_header_footer","meta":{"footnotes":""},"class_list":["post-818","page","type-page","status-publish","hentry"],"_links":{"self":[{"href":"https:\/\/cableen.com\/en\/wp-json\/wp\/v2\/pages\/818","targetHints":{"allow":["GET"]}}],"collection":[{"href":"https:\/\/cableen.com\/en\/wp-json\/wp\/v2\/pages"}],"about":[{"href":"https:\/\/cableen.com\/en\/wp-json\/wp\/v2\/types\/page"}],"author":[{"embeddable":true,"href":"https:\/\/cableen.com\/en\/wp-json\/wp\/v2\/users\/1"}],"replies":[{"embeddable":true,"href":"https:\/\/cableen.com\/en\/wp-json\/wp\/v2\/comments?post=818"}],"version-history":[{"count":7,"href":"https:\/\/cableen.com\/en\/wp-json\/wp\/v2\/pages\/818\/revisions"}],"predecessor-version":[{"id":825,"href":"https:\/\/cableen.com\/en\/wp-json\/wp\/v2\/pages\/818\/revisions\/825"}],"wp:attachment":[{"href":"https:\/\/cableen.com\/en\/wp-json\/wp\/v2\/media?parent=818"}],"curies":[{"name":"wp","href":"https:\/\/api.w.org\/{rel}","templated":true}]}}