{"id":796,"date":"2025-04-08T02:54:44","date_gmt":"2025-04-08T00:54:44","guid":{"rendered":"https:\/\/cableen.com\/?page_id=796"},"modified":"2025-04-08T02:58:49","modified_gmt":"2025-04-08T00:58:49","slug":"aviso-de-privacidad","status":"publish","type":"page","link":"https:\/\/cableen.com\/en\/aviso-de-privacidad\/","title":{"rendered":"PRIVACY NOTICE"},"content":{"rendered":"<div data-elementor-type=\"wp-page\" data-elementor-id=\"796\" class=\"elementor elementor-796\" data-elementor-post-type=\"page\">\n\t\t\t\t\t\t<section class=\"elementor-section elementor-top-section elementor-element elementor-element-810e3b2 elementor-section-boxed elementor-section-height-default elementor-section-height-default\" data-id=\"810e3b2\" data-element_type=\"section\" data-e-type=\"section\">\n\t\t\t\t\t\t<div class=\"elementor-container elementor-column-gap-default\">\n\t\t\t\t\t<div class=\"elementor-column elementor-col-100 elementor-top-column elementor-element elementor-element-05425e4\" data-id=\"05425e4\" data-element_type=\"column\" data-e-type=\"column\">\n\t\t\t<div class=\"elementor-widget-wrap elementor-element-populated\">\n\t\t\t\t\t\t<div class=\"elementor-element elementor-element-e6757f4 elementor-widget elementor-widget-heading\" data-id=\"e6757f4\" data-element_type=\"widget\" data-e-type=\"widget\" data-widget_type=\"heading.default\">\n\t\t\t\t<div class=\"elementor-widget-container\">\n\t\t\t\t\t<h2 class=\"elementor-heading-title elementor-size-default\">Privacy Notice\n<\/h2>\t\t\t\t<\/div>\n\t\t\t\t<\/div>\n\t\t\t\t<div class=\"elementor-element elementor-element-c07852e elementor-widget elementor-widget-text-editor\" data-id=\"c07852e\" data-element_type=\"widget\" data-e-type=\"widget\" data-widget_type=\"text-editor.default\">\n\t\t\t\t<div class=\"elementor-widget-container\">\n\t\t\t\t\t\t\t\t\t<p class=\"p1\"><span class=\"s1\">The legal entity named <b>CABLEEN S.A. DE C.V. <\/b>dedicated to the development, production and marketing of audio cable makes this Privacy Notice for all legal purposes that apply. <\/span><\/p><p class=\"p3\"><span class=\"s1\"><b>What is a Privacy Notice for?<\/b><\/span><\/p><p class=\"p4\"><span class=\"s1\">Its purpose is to inform you that all the information you have provided us on your own or at our request for administrative or commercial reasons, will be treated in accordance with the Federal Law for the Protection of Personal Data. <b>Personal Data <\/b>in Possession of Individuals, hereinafter referred to as the \"Company\".<b>Law<\/b>\". <\/span><\/p><p class=\"p3\"><span class=\"s1\"><b>Who will be responsible for my personal data?<\/b><\/span><\/p><p class=\"p4\"><span class=\"s1\">The legal entity CABLEEN S.A. DE C.V., through its representative, Mr. JORGE OMAR MU\u00d1OZ MU\u00d1OZ MU\u00d1OZ, the administrative personnel. With offices located at 707 Orquidea Street, Colonia Guadalupe in the State of Chihuahua, Chihuahua. <\/span><\/p><p class=\"p3\"><span class=\"s1\"><b>What kind of information might we need?<\/b><\/span><\/p><p class=\"p4\"><span class=\"s1\">The information you share with us will depend on the professional or commercial relationship that we celebrate, this information will be delivered in person, in person, through electronic media or by any means, whether it is information that we directly request or that is necessary for internal company matters or to enter into a commercial agreement.\u00a0<\/span><\/p><p class=\"p4\"><span class=\"s1\">Like <b>Personal Data<\/b>The following is a general statement, without limitation,<b> <\/b>the following information can be identified: <\/span><\/p><ul class=\"ul1\"><li class=\"li4\"><span class=\"s1\"><b>Personal Data:<\/b> <b> <\/b>name(s) and surname(s); e-mail address; work and cell phone numbers); Federal Taxpayers Registry registration and\/or any modification; Federal Taxpayers Registry Code; proof of address; commercial and\/or personal references; official identification, among others. <\/span><\/li><\/ul><ul class=\"ul1\"><li class=\"li4\"><span class=\"s1\"><b>Sensitive Personal Data:<\/b> bank account information (banking institution, account number, CLABE interbank and branch), commercial information, name and contact information of employees and authorized persons of third parties with whom we make a commercial agreement, labor, legal, patrimonial information, among others. <\/span><\/li><\/ul><p class=\"p4\"><span class=\"s1\">We understand that the <b>Personal Data <\/b>of third parties (such as personal and\/or commercial references) that you provide us, already have the authorization of the owner to be delivered and processed by us in accordance with this privacy notice.<\/span><\/p><p class=\"p3\"><span class=\"s1\"><b>For what purposes do we request Personal Data?<\/b><\/span><\/p><p class=\"p4\"><span class=\"s1\">The <b>Personal Data <\/b>we will be requesting or obtaining will be used for the following purposes: a) to identify you as an employee, customer or supplier; b) to prepare documents, contracts, agreements, invoices, receipts and\/or documentation related to the relationship; c) to receive and\/or process payments; c) storage and preservation of records; and, d) to comply with terms and conditions we have established with you, among others.\u00a0<\/span><\/p><p class=\"p4\"><span class=\"s1\">The <b>Personal Data <\/b>and their confidentiality are protected by administrative, technical and\/or physical security measures to prevent damage, loss, alteration, destruction, use, access or improper disclosure.<\/span><\/p><p class=\"p3\"><span class=\"s1\"><b>What Personal Data is shared with collaborators or agents related to the company? Understood as: Transmission of Personal Data.<\/b><\/span><\/p><p class=\"p4\"><span class=\"s1\">In cases where it is necessary to share with external agents or collaborators of the company the <b>Personal Data<\/b>will be originated by the labor or commercial relationship that has been entered into between the parties. However, at any time you may expressly state that the information will not be shared with any third party, if not communicated in writing, as part of our operations and business relationship, it will be done, always in compliance with the same security and confidentiality measures that we would have with our own information.<\/span><\/p><p class=\"p3\"><span class=\"s1\"><b>What are ARCO Rights?<\/b><\/span><\/p><p class=\"p4\"><span class=\"s1\">It is the right of every person to the protection of his or her personal information (Personal Data), which includes the right to the protection of his or her personal information (Personal Data). <b>A<\/b>ccess, <b>R<\/b>ectification, <b>C<\/b>ancelation and <b>O<\/b>position of the information provided to a third party.\u00a0<\/span><\/p><p class=\"p4\"><span class=\"s1\">Understanding by <b>Personal Data <\/b>Any information concerning an identified or identifiable natural person, which may be expressed in numerical, alphabetical, graphic, photographic, acoustic or any other form, for example: name, surname, CURP, marital status, place and date of birth, address, telephone number, e-mail, degree of studies, salary, among others.<\/span><\/p><p class=\"p3\"><span class=\"s1\"><b>How can I exercise my ARCO Rights?<\/b><\/span><\/p><p class=\"p4\"><span class=\"s1\">To exercise your ARCO Rights in relation to the <b>Personal Data <\/b>you have provided us with, you will need to follow the process below:<\/span><\/p><ol class=\"ol1\"><li class=\"li4\"><span class=\"s1\">You must make a written request indicating: a) your full name, b) contact information including your email address and a cell phone number, c) a simple visible and valid copy of your official identification, d) the ARCO right you wish to exercise and make reference to the partial or total information related to your request, e) date and subject that was reviewed with us, and f) the document must be signed by the person who submits it and is the owner of the data, e) the date and subject that was reviewed with us, and f) the document must be signed by the person who submits it and is the owner of the data, g) the person who is the owner of the data, h) the person who is the owner of the data. <b>Personal Data <\/b>in question. <\/span><\/li><li class=\"li4\"><span class=\"s1\">Such written notice must be submitted via email to cableen_mexico@outlook.com or physically presented at the address of our offices, which was previously identified. <\/span><\/li><li class=\"li4\"><span class=\"s1\">You will be given an acknowledgement of receipt of the letter or the mail will be answered confirming receipt of the letter. <\/span><\/li><li class=\"li4\"><span class=\"s1\">You will receive information about your request within 20 (twenty) business days from the acknowledgement of receipt of the Request. <\/span><\/li><li class=\"li4\"><span class=\"s1\">And, in a term no longer than 15 (fifteen) business days after our response to your Request, the request will be effective in relation to your Personal Data. <\/span><\/li><\/ol><p class=\"p4\"><span class=\"s1\">All documentation must be sent in PDF file format, legible and complete, in order for us to process the Application.<\/span><\/p><p class=\"p4\"><span class=\"s1\">In case of acting through a representative in any of the above mentioned applications, the existence of the representation must be evidenced by means of a public instrument or power of attorney signed before two witnesses, if applicable, and a simple copy of the official identification of the representative must also be sent.<\/span><\/p><p class=\"p3\"><span class=\"s1\"><b>Which authority is responsible for safeguarding your Personal Data held by third parties?<\/b><\/span><\/p><p class=\"p4\"><span class=\"s1\">The competent authority to defend your rights with respect to your <b>Personal Data <\/b>in the possession of third parties will be the National Institute for Transparency, Access to Information and Protection of Personal Data, INAI (<a href=\"https:\/\/home.inai.org.mx\/\"><span class=\"s3\">https:\/\/home.inai.org.mx\/<\/span><\/a>), therefore, if you consider that your right to protection of privacy has been violated, you must <b>Personal Data<\/b> you may file a complaint with INAI within 15 (fifteen) days from the date you receive our response or from the end of the period of 20 (twenty) days from the date of the acknowledgement of receipt of the Request for the exercise of rights.\u00a0<\/span><\/p><p class=\"p3\"><span class=\"s1\"><b>Modifications to the Privacy Notice.<\/b><\/span><\/p><p class=\"p4\"><span class=\"s1\">Important: Any modification to this <b>PRIVACY NOTICE<\/b> will be brought to your attention at our offices.<\/span><\/p><p class=\"p7\"><span class=\"s1\"><i>Date of last update: 07\/18\/2024 | Protection of privacy and confidentiality <\/i><b><i>Personal Data<\/i><\/b><i>.<\/i><\/span><\/p>\t\t\t\t\t\t\t\t<\/div>\n\t\t\t\t<\/div>\n\t\t\t\t\t<\/div>\n\t\t<\/div>\n\t\t\t\t\t<\/div>\n\t\t<\/section>\n\t\t\t\t<\/div>","protected":false},"excerpt":{"rendered":"<p>Privacy Notice The legal entity CABLEEN S.A. DE C.V. dedicated to the development, production and marketing of audio cable makes this Privacy Notice for all applicable legal purposes. What is a Privacy Notice for? Its purpose is to inform you that all the information that we [...]<\/p>","protected":false},"author":1,"featured_media":0,"parent":0,"menu_order":0,"comment_status":"closed","ping_status":"closed","template":"elementor_header_footer","meta":{"footnotes":""},"class_list":["post-796","page","type-page","status-publish","hentry"],"_links":{"self":[{"href":"https:\/\/cableen.com\/en\/wp-json\/wp\/v2\/pages\/796","targetHints":{"allow":["GET"]}}],"collection":[{"href":"https:\/\/cableen.com\/en\/wp-json\/wp\/v2\/pages"}],"about":[{"href":"https:\/\/cableen.com\/en\/wp-json\/wp\/v2\/types\/page"}],"author":[{"embeddable":true,"href":"https:\/\/cableen.com\/en\/wp-json\/wp\/v2\/users\/1"}],"replies":[{"embeddable":true,"href":"https:\/\/cableen.com\/en\/wp-json\/wp\/v2\/comments?post=796"}],"version-history":[{"count":18,"href":"https:\/\/cableen.com\/en\/wp-json\/wp\/v2\/pages\/796\/revisions"}],"predecessor-version":[{"id":814,"href":"https:\/\/cableen.com\/en\/wp-json\/wp\/v2\/pages\/796\/revisions\/814"}],"wp:attachment":[{"href":"https:\/\/cableen.com\/en\/wp-json\/wp\/v2\/media?parent=796"}],"curies":[{"name":"wp","href":"https:\/\/api.w.org\/{rel}","templated":true}]}}